{"id":3,"date":"2024-04-18T10:20:12","date_gmt":"2024-04-18T13:20:12","guid":{"rendered":"http:\/\/hlh.com.br\/site2\/?page_id=3"},"modified":"2024-05-27T13:46:19","modified_gmt":"2024-05-27T16:46:19","slug":"politica-de-privacidade","status":"publish","type":"page","link":"https:\/\/hlh.com.br\/site2\/politica-de-privacidade\/","title":{"rendered":"Pol\u00edtica de privacidade"},"content":{"rendered":"\t\t<div data-elementor-type=\"wp-page\" data-elementor-id=\"3\" class=\"elementor elementor-3\">\n\t\t\t\t        <section class=\"elementor-section elementor-top-section elementor-element elementor-element-a4b6c2a elementor-section-boxed elementor-section-height-default elementor-section-height-default pxl-row-scroll-none pxl-zoom-point-false pxl-section-overflow-visible pxl-section-fix-none pxl-bg-color-none pxl-section-overlay-none\" data-id=\"a4b6c2a\" data-element_type=\"section\">\n\n                \n                <div class=\"elementor-container elementor-column-gap-default \">\n                <div class=\"elementor-column elementor-col-100 elementor-top-column elementor-element elementor-element-744ac136 pxl-column-none pxl-column-overflow-hidden-no\" data-id=\"744ac136\" data-element_type=\"column\">\r\n        <div class=\"elementor-widget-wrap elementor-element-populated\">\r\n                     \r\n        \t\t<div class=\"elementor-element elementor-element-3e00c93c elementor-widget elementor-widget-text-editor\" data-id=\"3e00c93c\" data-element_type=\"widget\" data-widget_type=\"text-editor.default\">\n\t\t\t\t<div class=\"elementor-widget-container\">\n\t\t\t<style>\/*! elementor - v3.23.0 - 25-07-2024 *\/\n.elementor-widget-text-editor.elementor-drop-cap-view-stacked .elementor-drop-cap{background-color:#69727d;color:#fff}.elementor-widget-text-editor.elementor-drop-cap-view-framed .elementor-drop-cap{color:#69727d;border:3px solid;background-color:transparent}.elementor-widget-text-editor:not(.elementor-drop-cap-view-default) .elementor-drop-cap{margin-top:8px}.elementor-widget-text-editor:not(.elementor-drop-cap-view-default) .elementor-drop-cap-letter{width:1em;height:1em}.elementor-widget-text-editor .elementor-drop-cap{float:left;text-align:center;line-height:1;font-size:50px}.elementor-widget-text-editor .elementor-drop-cap-letter{display:inline-block}<\/style>\t\t\t\t<h2><strong>Pol\u00edtica de Privacidade<\/strong><\/h2>\n<div><br \/>\n<p>A HLH Assessoria e Consultoria LTDA construiu o seu Bot do Messenger. Este SERVI\u00c7O \u00e9 fornecido pela HLH Assessoria e Consultoria LTDA e deve ser usado como est\u00e1.<\/p>\n<p>Esta p\u00e1gina \u00e9 usada para informar os visitantes sobre nossas pol\u00edticas de coleta, uso e divulga\u00e7\u00e3o de Informa\u00e7\u00f5es Pessoais, caso algu\u00e9m decida usar nosso Servi\u00e7o.<\/p>\n<p>Se voc\u00ea optar por usar nosso Servi\u00e7o, voc\u00ea concorda com a coleta e uso de informa\u00e7\u00f5es em rela\u00e7\u00e3o a esta pol\u00edtica. As Informa\u00e7\u00f5es Pessoais que coletamos s\u00e3o usadas para fornecer e melhorar o Servi\u00e7o. N\u00e3o usaremos nem compartilharemos suas informa\u00e7\u00f5es com ningu\u00e9m, exceto conforme descrito nesta Pol\u00edtica de Privacidade.<\/p>\n<p><b>Coleta e uso de informa\u00e7\u00f5es<\/b><br \/>Para uma melhor experi\u00eancia, ao usar nosso Servi\u00e7o, podemos exigir que voc\u00ea nos forne\u00e7a certas informa\u00e7\u00f5es de identifica\u00e7\u00e3o pessoal, incluindo, entre outras, nome, n\u00fameros de telefone e local. As informa\u00e7\u00f5es que solicitamos ser\u00e3o retidas por n\u00f3s e utilizadas conforme descrito nesta pol\u00edtica de privacidade.<\/p>\n<p><b>Cookies<\/b><br \/>Cookies s\u00e3o arquivos com uma pequena quantidade de dados que s\u00e3o comumente usados como identificadores \u00fanicos an\u00f4nimos. Eles s\u00e3o enviados para o seu navegador a partir dos sites que voc\u00ea visita e s\u00e3o armazenados na mem\u00f3ria interna do seu dispositivo.<\/p>\n<p>Este servi\u00e7o faz uso de &#8220;cookies&#8221;, e pode utilizar c\u00f3digos e bibliotecas que empregam esses &#8220;cookies&#8221; para coletar dados e aprimorar a qualidade dos servi\u00e7os oferecidos.<\/p>\n<p><b>Provedores de servi\u00e7o<\/b><br \/>Podemos contratar empresas e indiv\u00edduos terceirizados pelos seguintes motivos:<\/p>\n<p>Para facilitar nosso servi\u00e7o;<br \/>Para fornecer o Servi\u00e7o em nosso nome;<br \/>Para realizar servi\u00e7os relacionados ao Servi\u00e7o; ou<br \/>Para nos ajudar a analisar como nosso Servi\u00e7o \u00e9 usado.<\/p>\n<p>Queremos informar aos usu\u00e1rios deste Servi\u00e7o que esses terceiros t\u00eam acesso \u00e0s suas Informa\u00e7\u00f5es Pessoais. O motivo \u00e9 executar as tarefas que lhes s\u00e3o atribu\u00eddas em nosso nome. No entanto, eles s\u00e3o obrigados a n\u00e3o divulgar ou utilizar as informa\u00e7\u00f5es para qualquer outro fim.<\/p>\n<p><b>Seguran\u00e7a<\/b><br \/>Valorizamos a sua confian\u00e7a em nos fornecer as suas Informa\u00e7\u00f5es Pessoais, por isso estamos nos esfor\u00e7ando para usar meios comercialmente aceit\u00e1veis para proteg\u00ea-las. Mas lembre-se que nenhum m\u00e9todo de transmiss\u00e3o pela internet, ou m\u00e9todo de armazenamento eletr\u00f4nico \u00e9 100% seguro e confi\u00e1vel, e n\u00e3o podemos garantir sua seguran\u00e7a absoluta.<\/p>\n<p><b>Links para outros sites<\/b><br \/>Este Servi\u00e7o pode conter links para outros sites. Se voc\u00ea clicar em um link de terceiros, ser\u00e1 direcionado para esse site. Observe que esses sites externos n\u00e3o s\u00e3o operados por n\u00f3s. Portanto, aconselhamos vivamente que reveja a Pol\u00edtica de Privacidade destes websites. N\u00e3o temos controle e n\u00e3o assumimos responsabilidade pelo conte\u00fado, pol\u00edticas de privacidade ou pr\u00e1ticas de quaisquer sites ou servi\u00e7os de terceiros.<\/p>\n<p><b>Altera\u00e7\u00f5es nesta Pol\u00edtica de Privacidade<\/b>\u00a0Poderemos atualizar nossa Pol\u00edtica de Privacidade de tempos em tempos. Portanto, \u00e9 aconselh\u00e1vel revisar esta p\u00e1gina periodicamente para verificar quaisquer altera\u00e7\u00f5es. Iremos notific\u00e1-lo sobre quaisquer altera\u00e7\u00f5es publicando a nova Pol\u00edtica de Privacidade nesta p\u00e1gina.<\/p>\n<p>Esta pol\u00edtica entra em vigor a partir de 27\/05\/2024<\/p>\n<p><b>Contate-nos<\/b><br \/>Se voc\u00ea tiver alguma d\u00favida ou sugest\u00e3o sobre nossa Pol\u00edtica de Privacidade, n\u00e3o hesite em nos contatar em\u00a0<a href=\"mailto:hlhtur@hlh.com\" target=\"_blank\" rel=\"noopener\">hlhtur@hlh.com<\/a><\/p>\n<\/div>\n<p>\u00a0<\/p>\n<div>\n<h2>Privacy Policy<\/h2>\n<p>HLH Assessoria e Consultoria LTDA built the commercial application Bot do Messenger. This SERVICE is provided by HLH Assessoria e Consultoria LTDA and must be used as is.<\/p>\n<p>This page is used to inform visitors about our policies with the collection, use and disclosure of Personal Information if anyone decides to use our Service.<\/p>\n<p>If you choose to use our Service, you consent to the collection and use of information in relation to this policy. The Personal Information we collect is used to provide and improve the Service. We will not use or share your information with anyone except as described in this Privacy Policy.<\/p>\n<p><b>Collection and use of information<\/b><br \/>For a better experience, when using our Service, we may require you to provide us with certain personally identifiable information, including but not limited to name and phone numbers. The information we request will be retained by us and used as described in this privacy policy.<\/p>\n<p><b>Cookies<\/b><br \/>Cookies are files with a small amount of data that are commonly used as anonymous unique identifiers. They are sent to your browser from the websites you visit and are stored in your device&#8217;s internal memory.<\/p>\n<p>This service makes use of &#8220;cookies&#8221;, and may use codes and libraries that employ these &#8220;cookies&#8221; to collect data and improve the quality of the services offered.<\/p>\n<p><b>Service Providers<\/b><br \/>We may employ third party companies and individuals for the following reasons:<\/p>\n<p>To facilitate our service;<br \/>To provide the Service on our behalf;<br \/>To perform services related to the Service; or<br \/>To help us analyze how our Service is used.<\/p>\n<p>We want to inform users of this Service that these third parties have access to your Personal Information. The reason is to carry out the tasks assigned to them on our behalf. However, they are obliged not to disclose or use the information for any other purpose.<\/p>\n<p><b>Security<\/b><br \/>We value your trust in providing us with your Personal Information, so we are striving to use commercially acceptable means to protect it. But remember that no method of transmission over the internet, or method of electronic storage is 100% secure and reliable, and we cannot guarantee its absolute security.<\/p>\n<p><b>Links to other websites<\/b><br \/>This Service may contain links to other websites. If you click on a third-party link, you will be directed to that website. Please note that these external sites are not operated by us. Therefore, we strongly advise you to review the Privacy Policy of these websites. We have no control over, and assume no responsibility for the content, privacy policies, or practices of any third party sites or services.<\/p>\n<p>Changes to this Privacy Policy We may update our Privacy Policy from time to time. Therefore, you are advised to review this page periodically for any changes. We will notify you of any changes by posting the new Privacy Policy on this page.<\/p>\n<p>This policy is effective from 27\/05\/2024<\/p>\n<p><b>Contact us<\/b><br \/>If you have any questions or suggestions about our Privacy Policy, do not hesitate to contact us at\u00a0<a href=\"mailto:hlhtur@hlh.com\" target=\"_blank\" rel=\"noopener\">hlhtur@hlh.com<\/a><\/p>\n<\/div>\t\t\t\t\t\t<\/div>\n\t\t\t\t<\/div>\n\t\t            <\/div>\r\n        <\/div>\r\n        \t\t\t<\/div>\n\t\t<\/section>\n\t\t\t\t<\/div>\n\t\t","protected":false},"excerpt":{"rendered":"<p>Pol\u00edtica de Privacidade A HLH Assessoria e Consultoria LTDA construiu o seu Bot do Messenger. Este SERVI\u00c7O \u00e9 fornecido pela HLH Assessoria e Consultoria LTDA e deve ser usado como est\u00e1. Esta p\u00e1gina \u00e9 usada para informar os visitantes sobre nossas pol\u00edticas de coleta, uso e divulga\u00e7\u00e3o de Informa\u00e7\u00f5es Pessoais, caso algu\u00e9m decida usar nosso [&hellip;]<\/p>\n","protected":false},"author":1,"featured_media":0,"parent":0,"menu_order":0,"comment_status":"closed","ping_status":"closed","template":"","meta":{"footnotes":""},"class_list":["post-3","page","type-page","status-publish","hentry"],"jetpack_sharing_enabled":true,"_links":{"self":[{"href":"https:\/\/hlh.com.br\/site2\/wp-json\/wp\/v2\/pages\/3","targetHints":{"allow":["GET"]}}],"collection":[{"href":"https:\/\/hlh.com.br\/site2\/wp-json\/wp\/v2\/pages"}],"about":[{"href":"https:\/\/hlh.com.br\/site2\/wp-json\/wp\/v2\/types\/page"}],"author":[{"embeddable":true,"href":"https:\/\/hlh.com.br\/site2\/wp-json\/wp\/v2\/users\/1"}],"replies":[{"embeddable":true,"href":"https:\/\/hlh.com.br\/site2\/wp-json\/wp\/v2\/comments?post=3"}],"version-history":[{"count":5,"href":"https:\/\/hlh.com.br\/site2\/wp-json\/wp\/v2\/pages\/3\/revisions"}],"predecessor-version":[{"id":11591,"href":"https:\/\/hlh.com.br\/site2\/wp-json\/wp\/v2\/pages\/3\/revisions\/11591"}],"wp:attachment":[{"href":"https:\/\/hlh.com.br\/site2\/wp-json\/wp\/v2\/media?parent=3"}],"curies":[{"name":"wp","href":"https:\/\/api.w.org\/{rel}","templated":true}]}}