{"id":30,"date":"2023-11-27T09:10:55","date_gmt":"2023-11-27T09:10:55","guid":{"rendered":"https:\/\/demo.bravisthemes.com\/graviton\/?page_id=30"},"modified":"2025-02-24T09:05:20","modified_gmt":"2025-02-24T12:05:20","slug":"contatos","status":"publish","type":"page","link":"https:\/\/hlh.com.br\/site2\/contatos\/","title":{"rendered":"Contatos"},"content":{"rendered":"\t\t<div data-elementor-type=\"wp-page\" data-elementor-id=\"30\" class=\"elementor elementor-30\">\n\t\t\t\t        <section class=\"elementor-section elementor-top-section elementor-element elementor-element-41b974e elementor-section-full_width elementor-section-height-default elementor-section-height-default pxl-row-scroll-none pxl-zoom-point-false pxl-section-overflow-visible pxl-section-fix-none pxl-full-content-with-space-none pxl-bg-color-none pxl-section-overlay-none\" data-id=\"41b974e\" data-element_type=\"section\">\n\n                \n                <div class=\"elementor-container elementor-column-gap-default \">\n                <div class=\"elementor-column elementor-col-100 elementor-top-column elementor-element elementor-element-f4b9411 pxl-column-none pxl-column-overflow-hidden-no\" data-id=\"f4b9411\" data-element_type=\"column\">\r\n        <div class=\"elementor-widget-wrap elementor-element-populated\">\r\n                     \r\n        \t\t<div class=\"elementor-element elementor-element-064c756 elementor-widget elementor-widget-google_maps\" data-id=\"064c756\" data-element_type=\"widget\" data-widget_type=\"google_maps.default\">\n\t\t\t\t<div class=\"elementor-widget-container\">\n\t\t\t<style>\/*! elementor - v3.23.0 - 25-07-2024 *\/\n.elementor-widget-google_maps .elementor-widget-container{overflow:hidden}.elementor-widget-google_maps .elementor-custom-embed{line-height:0}.elementor-widget-google_maps iframe{height:300px}<\/style>\t\t<div class=\"elementor-custom-embed\">\n\t\t\t<iframe loading=\"lazy\"\n\t\t\t\t\tsrc=\"https:\/\/maps.google.com\/maps?q=HLH%20Assessoria%20e%20Consultoria&#038;t=m&#038;z=16&#038;output=embed&#038;iwloc=near\"\n\t\t\t\t\ttitle=\"HLH Assessoria e Consultoria\"\n\t\t\t\t\taria-label=\"HLH Assessoria e Consultoria\"\n\t\t\t><\/iframe>\n\t\t<\/div>\n\t\t\t\t<\/div>\n\t\t\t\t<\/div>\n\t\t            <\/div>\r\n        <\/div>\r\n        \t\t\t<\/div>\n\t\t<\/section>\n\t\t        <section class=\"elementor-section elementor-top-section elementor-element elementor-element-50534c0 elementor-section-boxed elementor-section-height-default elementor-section-height-default pxl-row-scroll-none pxl-zoom-point-false pxl-section-overflow-visible pxl-section-fix-none pxl-bg-color-none pxl-section-overlay-none\" data-id=\"50534c0\" data-element_type=\"section\">\n\n                \n                <div class=\"elementor-container elementor-column-gap-default \">\n                <div class=\"elementor-column elementor-col-100 elementor-top-column elementor-element elementor-element-9d5bff0 pxl-column-none pxl-column-overflow-hidden-no\" data-id=\"9d5bff0\" data-element_type=\"column\">\r\n        <div class=\"elementor-widget-wrap\">\r\n                     \r\n                    <\/div>\r\n        <\/div>\r\n        \t\t\t<\/div>\n\t\t<\/section>\n\t\t        <section class=\"elementor-section elementor-top-section elementor-element elementor-element-080b857 elementor-section-stretched elementor-section-boxed elementor-section-height-default elementor-section-height-default pxl-row-scroll-none pxl-zoom-point-false pxl-section-overflow-visible pxl-section-fix-none pxl-bg-color-none pxl-section-overlay-none\" data-id=\"080b857\" data-element_type=\"section\" data-settings=\"{&quot;stretch_section&quot;:&quot;section-stretched&quot;}\">\n\n                \n                <div class=\"elementor-container elementor-column-gap-extended \">\n                <div class=\"elementor-column elementor-col-100 elementor-top-column elementor-element elementor-element-4e9a5c6 pxl-column-none pxl-column-overflow-hidden-no\" data-id=\"4e9a5c6\" data-element_type=\"column\">\r\n        <div class=\"elementor-widget-wrap elementor-element-populated\">\r\n                     \r\n                <section class=\"elementor-section elementor-inner-section elementor-element elementor-element-368b1d9 elementor-section-content-middle elementor-section-boxed elementor-section-height-default elementor-section-height-default pxl-row-scroll-none pxl-zoom-point-false pxl-section-overflow-visible pxl-section-fix-none pxl-bg-color-none pxl-section-overlay-none\" data-id=\"368b1d9\" data-element_type=\"section\" data-settings=\"{&quot;background_background&quot;:&quot;classic&quot;}\">\n\n                \n                <div class=\"elementor-container elementor-column-gap-extended \">\n                <div class=\"elementor-column elementor-col-50 elementor-inner-column elementor-element elementor-element-d2386cc pxl-column-none pxl-column-overflow-hidden-no\" data-id=\"d2386cc\" data-element_type=\"column\">\r\n        <div class=\"elementor-widget-wrap elementor-element-populated\">\r\n                     \r\n        \t\t<div class=\"elementor-element elementor-element-d3b2934 elementor-widget elementor-widget-pxl_heading\" data-id=\"d3b2934\" data-element_type=\"widget\" data-widget_type=\"pxl_heading.default\">\n\t\t\t\t<div class=\"elementor-widget-container\">\n\t\t\t\n<div id=\"pxl-pxl_heading-d3b2934-8089\" class=\"pxl-heading px-sub-title-dot-style \">\n\t<div class=\"pxl-heading--inner\">\n\t\t\t\t\t<div class=\"pxl-item--subtitle px-sub-title-dot pxl-split-text split-in-right\" data-wow-delay=\"ms\">\n\t\t\t\t<span class=\"pxl-item--subtext\">\n\t\t\t\t\t\t\t\t\t\tcontate-nos\t\t\t\t<\/span>\n\t\t\t<\/div>\n\t\t\n\t\t<h3 class=\"pxl-item--title style-default highlight-default \" data-wow-delay=\"ms\">\n\t\t\t\t\t\t\tContatos\t\n\t\t\t\t\n\t\t<\/h3>\n\t\t\n\t<\/div>\n<\/div>\t\t<\/div>\n\t\t\t\t<\/div>\n\t\t\t\t<div class=\"elementor-element elementor-element-cebce88 elementor-widget elementor-widget-pxl_text_editor\" data-id=\"cebce88\" data-element_type=\"widget\" data-widget_type=\"pxl_text_editor.default\">\n\t\t\t\t<div class=\"elementor-widget-container\">\n\t\t\t<div class=\"pxl-text-editor\">\n\t<div class=\"pxl-item--inner \" data-wow-delay=\"ms\">\n\t\t<p>Atendimento de segunda \u00e0 sexta de 07:00h \u00e0s 17:00h<\/p>\t\t\n\t<\/div>\n<\/div>\t\t<\/div>\n\t\t\t\t<\/div>\n\t\t\t\t<div class=\"elementor-element elementor-element-5a468c1 elementor-widget elementor-widget-pxl_text_editor\" data-id=\"5a468c1\" data-element_type=\"widget\" data-widget_type=\"pxl_text_editor.default\">\n\t\t\t\t<div class=\"elementor-widget-container\">\n\t\t\t<div class=\"pxl-text-editor\">\n\t<div class=\"pxl-item--inner \" data-wow-delay=\"ms\">\n\t\t<p><a href=\"https:\/\/api.whatsapp.com\/message\/T5WOCR676ZT5L1?autoload=1&amp;app_absent=0\">(38) 991500062<\/a><\/p>\t\t\n\t<\/div>\n<\/div>\t\t<\/div>\n\t\t\t\t<\/div>\n\t\t\t\t<div class=\"elementor-element elementor-element-9c27148 elementor-widget elementor-widget-pxl_text_editor\" data-id=\"9c27148\" data-element_type=\"widget\" data-widget_type=\"pxl_text_editor.default\">\n\t\t\t\t<div class=\"elementor-widget-container\">\n\t\t\t<div class=\"pxl-text-editor\">\n\t<div class=\"pxl-item--inner \" data-wow-delay=\"ms\">\n\t\t<p><a href=\"tel:3835271322\">(38) 3527-1322<\/a><\/p>\t\t\n\t<\/div>\n<\/div>\t\t<\/div>\n\t\t\t\t<\/div>\n\t\t\t\t<div class=\"elementor-element elementor-element-9a268ed elementor-widget elementor-widget-pxl_text_editor\" data-id=\"9a268ed\" data-element_type=\"widget\" data-widget_type=\"pxl_text_editor.default\">\n\t\t\t\t<div class=\"elementor-widget-container\">\n\t\t\t<div class=\"pxl-text-editor\">\n\t<div class=\"pxl-item--inner \" data-wow-delay=\"ms\">\n\t\t<p><a href=\"tel:3835271322\">0800-0381322<\/a><\/p>\t\t\n\t<\/div>\n<\/div>\t\t<\/div>\n\t\t\t\t<\/div>\n\t\t\t\t<div class=\"elementor-element elementor-element-4f543f7 elementor-widget__width-auto elementor-widget elementor-widget-pxl_heading\" data-id=\"4f543f7\" data-element_type=\"widget\" data-widget_type=\"pxl_heading.default\">\n\t\t\t\t<div class=\"elementor-widget-container\">\n\t\t\t\n<div id=\"pxl-pxl_heading-4f543f7-6140\" class=\"pxl-heading px-sub-title-default-style \">\n\t<div class=\"pxl-heading--inner\">\n\t\t\t\t\t<div class=\"pxl-item--subtitle px-sub-title-default \" data-wow-delay=\"ms\">\n\t\t\t\t<span class=\"pxl-item--subtext\">\n\t\t\t\t\t\t\t\t\t\tNos escreva\t\t\t\t<\/span>\n\t\t\t<\/div>\n\t\t\n\t\t<h3 class=\"pxl-item--title style-default highlight-default \" data-wow-delay=\"ms\">\n\t\t\t\t\t\t\tcontato@hlh.com.br\t\n\t\t\t\t\n\t\t<\/h3>\n\t\t\n\t<\/div>\n<\/div>\t\t<\/div>\n\t\t\t\t<\/div>\n\t\t\t\t<div class=\"elementor-element elementor-element-7e288cc elementor-widget__width-auto elementor-widget elementor-widget-pxl_heading\" data-id=\"7e288cc\" data-element_type=\"widget\" data-widget_type=\"pxl_heading.default\">\n\t\t\t\t<div class=\"elementor-widget-container\">\n\t\t\t\n<div id=\"pxl-pxl_heading-7e288cc-3502\" class=\"pxl-heading px-sub-title-default-style \">\n\t<div class=\"pxl-heading--inner\">\n\t\t\t\t\t<div class=\"pxl-item--subtitle px-sub-title-default \" data-wow-delay=\"ms\">\n\t\t\t\t<span class=\"pxl-item--subtext\">\n\t\t\t\t\t\t\t\t\t\tRua Rio de Janeiro 15 Progresso\t\t\t\t<\/span>\n\t\t\t<\/div>\n\t\t\n\t\t<h3 class=\"pxl-item--title style-default highlight-default \" data-wow-delay=\"ms\">\n\t\t\t\t\t\t\tTurmalina\/MG\t\n\t\t\t\t\n\t\t<\/h3>\n\t\t\n\t<\/div>\n<\/div>\t\t<\/div>\n\t\t\t\t<\/div>\n\t\t            <\/div>\r\n        <\/div>\r\n                <div class=\"elementor-column elementor-col-50 elementor-inner-column elementor-element elementor-element-2692d15 pxl-column-none pxl-column-overflow-hidden-no\" data-id=\"2692d15\" data-element_type=\"column\">\r\n        <div class=\"elementor-widget-wrap elementor-element-populated\">\r\n                     \r\n        \t\t<div class=\"elementor-element elementor-element-29bcdc6 elementor-widget-mobile__width-initial elementor-widget elementor-widget-pxl_contact_form\" data-id=\"29bcdc6\" data-element_type=\"widget\" data-widget_type=\"pxl_contact_form.default\">\n\t\t\t\t<div class=\"elementor-widget-container\">\n\t\t\t    <div class=\"pxl-contact-form pxl-contact-form1 btn-w-auto \" data-wow-delay=\"ms\">\r\n        \n<div class=\"wpcf7 no-js\" id=\"wpcf7-f779-o1\" lang=\"en-US\" dir=\"ltr\" data-wpcf7-id=\"779\">\n<div class=\"screen-reader-response\"><p role=\"status\" aria-live=\"polite\" aria-atomic=\"true\"><\/p> <ul><\/ul><\/div>\n<form action=\"\/site2\/wp-json\/wp\/v2\/pages\/30#wpcf7-f779-o1\" method=\"post\" class=\"wpcf7-form init\" aria-label=\"Contact form\" novalidate=\"novalidate\" data-status=\"init\">\n<fieldset class=\"hidden-fields-container\"><input type=\"hidden\" name=\"_wpcf7\" value=\"779\" \/><input type=\"hidden\" name=\"_wpcf7_version\" value=\"6.1.5\" \/><input type=\"hidden\" name=\"_wpcf7_locale\" value=\"en_US\" \/><input type=\"hidden\" name=\"_wpcf7_unit_tag\" value=\"wpcf7-f779-o1\" \/><input type=\"hidden\" name=\"_wpcf7_container_post\" value=\"0\" \/><input type=\"hidden\" name=\"_wpcf7_posted_data_hash\" value=\"\" \/>\n<\/fieldset>\n<div class=\"uacf7-form-779\"><div class=\"wrap-ctf2 wrap-form\">\n\t<div class=\"containter\">\n\t\t<div class=\"row\">\n\t\t\t<div class=\"input-filled col-xl-6 col-lg-6 col-md-6 col-sm-6 col-xs-12\">\n\t\t\t\t<span class=\"wpcf7-form-control-wrap your-name\">\n\t\t\t\t\t<span class=\"wpcf7-form-control-wrap\" data-name=\"your-name\"><input size=\"40\" maxlength=\"400\" class=\"wpcf7-form-control wpcf7-text wpcf7-validates-as-required\" aria-required=\"true\" aria-invalid=\"false\" placeholder=\"*Nome Completo\" value=\"\" type=\"text\" name=\"your-name\" \/><\/span>\n\t\t\t\t<\/span>\n\t\t\t<\/div>   \n\t\t\t<div class=\"input-filled col-xl-6 col-lg-6 col-md-6 col-sm-6 col-xs-12\">\n\t\t\t\t<span class=\"wpcf7-form-control-wrap your-email\">\n\t\t\t\t\t<span class=\"wpcf7-form-control-wrap\" data-name=\"your-email\"><input size=\"40\" maxlength=\"400\" class=\"wpcf7-form-control wpcf7-email wpcf7-validates-as-required wpcf7-text wpcf7-validates-as-email\" aria-required=\"true\" aria-invalid=\"false\" placeholder=\"*Endere\u00e7o de E-mail\" value=\"\" type=\"email\" name=\"your-email\" \/><\/span>\n\t\t\t\t<\/span>\n\t\t\t<\/div> \t\t\n\t\t\t<div class=\"input-filled col-xl-6 col-lg-6 col-md-12 col-sm-12 col-xs-12\">\n\t\t\t\t<span class=\"wpcf7-form-control-wrap your-phone\">\n\t\t\t\t\t<span class=\"wpcf7-form-control-wrap\" data-name=\"your-phone\"><input size=\"40\" maxlength=\"400\" class=\"wpcf7-form-control wpcf7-tel wpcf7-validates-as-required wpcf7-text wpcf7-validates-as-tel\" aria-required=\"true\" aria-invalid=\"false\" placeholder=\"*Telefone\" value=\"\" type=\"tel\" name=\"your-phone\" \/><\/span>\n\t\t\t\t<\/span>\n\t\t\t<\/div>\n\t\t\t<div class=\"input-filled col-xl-6 col-lg-6 col-md-6 col-sm-12 col-xs-12\">\n\t\t\t\t<span class=\"wpcf7-form-control-wrap your-service\">\n\t\t\t\t\t<span class=\"wpcf7-form-control-wrap\" data-name=\"menu-516\"><select class=\"wpcf7-form-control wpcf7-select\" aria-invalid=\"false\" name=\"menu-516\"><option value=\"...\">...<\/option><option value=\"Elogios\">Elogios<\/option><option value=\"Reclama\u00e7\u00f5es\">Reclama\u00e7\u00f5es<\/option><option value=\"Sugest\u00f5es\">Sugest\u00f5es<\/option><option value=\"Outros\">Outros<\/option><\/select><\/span>\n\t\t\t\t<\/span>\n\t\t\t<\/div>\n                        <div class=\"input-filled col-xl-12\">\n\t\t\t\t<span class=\"wpcf7-form-control-wrap your-subject\">\n\t\t\t\t\t<span class=\"wpcf7-form-control-wrap\" data-name=\"your-subject\"><input size=\"40\" maxlength=\"400\" class=\"wpcf7-form-control wpcf7-text wpcf7-validates-as-required\" aria-required=\"true\" aria-invalid=\"false\" placeholder=\"Assunto....\" value=\"\" type=\"text\" name=\"your-subject\" \/><\/span>\n\t\t\t\t<\/span>\n\t\t\t<\/div>  \n\t\t\t<div class=\"input-filled col-xl-12\">\n\t\t\t\t<span class=\"wpcf7-form-control-wrap your-message\">\n\t\t\t\t\t<span class=\"wpcf7-form-control-wrap\" data-name=\"your-message\"><textarea cols=\"40\" rows=\"10\" maxlength=\"2000\" class=\"wpcf7-form-control wpcf7-textarea wpcf7-validates-as-required\" aria-required=\"true\" aria-invalid=\"false\" placeholder=\"Escreva sua mensagem....\" name=\"your-message\"><\/textarea><\/span>\n\t\t\t\t<\/span>\n\t\t\t<\/div>\n\t\t\t<div class=\"input-filled col-xl-12 d-flex\"> \n                            <span class=\"wpcf7-form-control-wrap wpcf7-acceptance\">\n                                  <span class=\"wpcf7-form-control-wrap\" data-name=\"checkbox-446\"><span class=\"wpcf7-form-control wpcf7-checkbox\"><span class=\"wpcf7-list-item first last\"><label><input type=\"checkbox\" name=\"checkbox-446[]\" value=\"Aceito os termos e condi\u00e7\u00f5es da HLH Servi\u00e7os e Tecnologia.\" \/><span class=\"wpcf7-list-item-label\">Aceito os termos e condi\u00e7\u00f5es da HLH Servi\u00e7os e Tecnologia.<\/span><\/label><\/span><\/span><\/span>\n                            <\/span>\n\t\t\t\t<button type=\"submit\" class=\"wpcf7-submit wpcf7-btn-abs\" > Enviar <i class=\"far fa-arrow-right\"><\/i> <\/button>\n\t\t\t<\/div>\n\t\t<\/div>\n\t<\/div>\n<\/div><\/div><div class=\"wpcf7-response-output\" aria-hidden=\"true\"><\/div>\n<\/form>\n<\/div>\n    <\/div>\r\n\t\t<\/div>\n\t\t\t\t<\/div>\n\t\t            <\/div>\r\n        <\/div>\r\n        \t\t\t<\/div>\n\t\t<\/section>\n\t\t            <\/div>\r\n        <\/div>\r\n        \t\t\t<\/div>\n\t\t<\/section>\n\t\t        <section class=\"elementor-section elementor-top-section elementor-element elementor-element-491b187 elementor-section-boxed elementor-section-height-default elementor-section-height-default pxl-row-scroll-none pxl-zoom-point-false pxl-section-overflow-visible pxl-section-fix-none pxl-bg-color-none pxl-section-overlay-none\" data-id=\"491b187\" data-element_type=\"section\">\n\n                \n                <div class=\"elementor-container elementor-column-gap-default \">\n                <div class=\"elementor-column elementor-col-100 elementor-top-column elementor-element elementor-element-ba38323 pxl-column-none pxl-column-overflow-hidden-no\" data-id=\"ba38323\" data-element_type=\"column\">\r\n        <div class=\"elementor-widget-wrap\">\r\n                     \r\n                    <\/div>\r\n        <\/div>\r\n        \t\t\t<\/div>\n\t\t<\/section>\n\t\t        <section class=\"elementor-section elementor-top-section elementor-element elementor-element-05343da elementor-section-stretched elementor-section-boxed elementor-section-height-default elementor-section-height-default pxl-row-scroll-none pxl-zoom-point-false pxl-section-overflow-visible pxl-section-fix-none pxl-bg-color-none pxl-section-overlay-none\" data-id=\"05343da\" data-element_type=\"section\" data-settings=\"{&quot;stretch_section&quot;:&quot;section-stretched&quot;}\">\n\n                \n                <div class=\"elementor-container elementor-column-gap-extended \">\n                <div class=\"elementor-column elementor-col-50 elementor-top-column elementor-element elementor-element-7739b4e pxl-column-none pxl-column-overflow-hidden-no\" data-id=\"7739b4e\" data-element_type=\"column\">\r\n        <div class=\"elementor-widget-wrap elementor-element-populated\">\r\n                     \r\n        \t\t<div class=\"elementor-element elementor-element-6836bc8 elementor-widget__width-initial elementor-widget-mobile__width-initial elementor-invisible elementor-widget elementor-widget-pxl_location\" data-id=\"6836bc8\" data-element_type=\"widget\" data-settings=\"{&quot;_animation&quot;:&quot;fadeInRight&quot;}\" data-widget_type=\"pxl_location.default\">\n\t\t\t\t<div class=\"elementor-widget-container\">\n\t\t\t<div class=\"pxl-location pxl-location1\">\r\n        <div class=\"pxl-holder-items\">\r\n                    <h3 class=\"pxl-title-location\">\r\n                Turmalina-MG            <\/h3>\r\n                            <div class=\"pxl-subtitle-location\">\r\n                Matriz            <\/div>\r\n                <div class=\"pxl-list\">\r\n                            <div class=\"pxl--item\">\r\n                                            <span>Endere\u00e7o:<\/span>  Rua Rio de Janeiro, n\u00ba: 15 -Progresso -  CEP: 39660-000                                    <\/div>\r\n                            <div class=\"pxl--item\">\r\n                                            <span>Telefone <\/span>0800-0381322 \/ (38) 3527-1322 \/ (38) 99150-0061 \/ (38) 99150-0062 \/                                     <\/div>\r\n                            <div class=\"pxl--item\">\r\n                                            <span>e-mail: <\/span> contato@hlh.com.br                                    <\/div>\r\n                            <div class=\"pxl--item\">\r\n                                            <span>Hor\u00e1rio de Funcionamento <\/span> 7:00 Am  -  17:00 Pm                                    <\/div>\r\n                    <\/div>\r\n                    <div class=\"pxl-button-location\">\r\n                <a href=\"https:\/\/www.google.com.br\/maps\/place\/HLH+Assessoria+e+Consultoria+Ltda\/@-17.2940124,-42.7135659,18z\/data=!4m6!3m5!1s0xad42ce3489d09b:0x7dc95c80941903b2!8m2!3d-17.2931949!4d-42.7128212!16s%2Fg%2F11c6_gwk9k?entry=ttu\" target=\"_blank\">                Ver Localiza\u00e7\u00e3o                <i class=\"far fa-arrow-right\"><\/i>\r\n                <\/a>            <\/div>\r\n            <\/div>\r\n<\/div>\r\n\t\t<\/div>\n\t\t\t\t<\/div>\n\t\t            <\/div>\r\n        <\/div>\r\n                <div class=\"elementor-column elementor-col-50 elementor-top-column elementor-element elementor-element-a1cc0e8 pxl-column-none pxl-column-overflow-hidden-no\" data-id=\"a1cc0e8\" data-element_type=\"column\">\r\n        <div class=\"elementor-widget-wrap elementor-element-populated\">\r\n                     \r\n        \t\t<div class=\"elementor-element elementor-element-01126ea elementor-widget__width-auto elementor-invisible elementor-widget elementor-widget-pxl_location\" data-id=\"01126ea\" data-element_type=\"widget\" data-settings=\"{&quot;_animation&quot;:&quot;fadeInRight&quot;,&quot;_animation_delay&quot;:300}\" data-widget_type=\"pxl_location.default\">\n\t\t\t\t<div class=\"elementor-widget-container\">\n\t\t\t<div class=\"pxl-location pxl-location1\">\r\n        <div class=\"pxl-holder-items\">\r\n                    <h3 class=\"pxl-title-location\">\r\n                Montes Claros-MG            <\/h3>\r\n                            <div class=\"pxl-subtitle-location\">\r\n                Filial            <\/div>\r\n                <div class=\"pxl-list\">\r\n                            <div class=\"pxl--item\">\r\n                                            <span>Endere\u00e7o:<\/span>  Rua Domingos Portugu\u00eas, n\u00ba 114 - Sala 101, Bairro Vila Guilhermina - CEP: 39.400-503                                    <\/div>\r\n                            <div class=\"pxl--item\">\r\n                                            <span>Telefone: <\/span> 0800-0381322 \/ (38) 3222-0176 \/(38) 99150-0063 \/(38) 99150-0064                                    <\/div>\r\n                            <div class=\"pxl--item\">\r\n                                            <span>e-mail: <\/span> hlhmoc@hlh.com.br                                    <\/div>\r\n                            <div class=\"pxl--item\">\r\n                                            <span>Hor\u00e1rio de Funcionamento <\/span> 7:00 Am  -  17:00 Pm                                    <\/div>\r\n                    <\/div>\r\n                    <div class=\"pxl-button-location\">\r\n                <a href=\"https:\/\/www.google.com.br\/maps\/place\/R.+Domingos+Portugu%C3%AAs,+114+-+Vila+Guilhermina,+Montes+Claros+-+MG,+39400-503\/@-16.733529,-43.8700391,19.75z\/data=!4m6!3m5!1s0xab535f2992b9d1:0xd71aa99806e7387c!8m2!3d-16.733496!4d-43.869627!16s%2Fg%2F11c279p4m9?entry=ttu\" target=\"_blank\">                Ver Localiza\u00e7\u00e3o                <i class=\"far fa-arrow-right\"><\/i>\r\n                <\/a>            <\/div>\r\n            <\/div>\r\n<\/div>\r\n\t\t<\/div>\n\t\t\t\t<\/div>\n\t\t            <\/div>\r\n        <\/div>\r\n        \t\t\t<\/div>\n\t\t<\/section>\n\t\t        <section class=\"elementor-section elementor-top-section elementor-element elementor-element-ded0b7d elementor-section-boxed elementor-section-height-default elementor-section-height-default pxl-row-scroll-none pxl-zoom-point-false pxl-section-overflow-visible pxl-section-fix-none pxl-bg-color-none pxl-section-overlay-none\" data-id=\"ded0b7d\" data-element_type=\"section\">\n\n                \n                <div class=\"elementor-container elementor-column-gap-default \">\n                <div class=\"elementor-column elementor-col-100 elementor-top-column elementor-element elementor-element-4b69ce3 pxl-column-none pxl-column-overflow-hidden-no\" data-id=\"4b69ce3\" data-element_type=\"column\">\r\n        <div class=\"elementor-widget-wrap\">\r\n                     \r\n                    <\/div>\r\n        <\/div>\r\n        \t\t\t<\/div>\n\t\t<\/section>\n\t\t\t\t<\/div>\n\t\t","protected":false},"excerpt":{"rendered":"<p>contate-nos Contatos Atendimento de segunda \u00e0 sexta de 07:00h \u00e0s 17:00h (38) 991500062 (38) 3527-1322 0800-0381322 Nos escreva contato@hlh.com.br Rua Rio de Janeiro 15 Progresso Turmalina\/MG &#8230;ElogiosReclama\u00e7\u00f5esSugest\u00f5esOutros Aceito os termos e condi\u00e7\u00f5es da HLH Assessoria &amp; Consultoria. Enviar Turmalina-MG Matriz Endere\u00e7o: Rua Rio de Janeiro, n\u00ba: 15 -Progresso &#8211; CEP: 39660-000 Telefone 0800-0381322 \/ (38) [&hellip;]<\/p>\n","protected":false},"author":1,"featured_media":0,"parent":0,"menu_order":0,"comment_status":"closed","ping_status":"closed","template":"","meta":{"footnotes":""},"class_list":["post-30","page","type-page","status-publish","hentry"],"jetpack_sharing_enabled":true,"_links":{"self":[{"href":"https:\/\/hlh.com.br\/site2\/wp-json\/wp\/v2\/pages\/30","targetHints":{"allow":["GET"]}}],"collection":[{"href":"https:\/\/hlh.com.br\/site2\/wp-json\/wp\/v2\/pages"}],"about":[{"href":"https:\/\/hlh.com.br\/site2\/wp-json\/wp\/v2\/types\/page"}],"author":[{"embeddable":true,"href":"https:\/\/hlh.com.br\/site2\/wp-json\/wp\/v2\/users\/1"}],"replies":[{"embeddable":true,"href":"https:\/\/hlh.com.br\/site2\/wp-json\/wp\/v2\/comments?post=30"}],"version-history":[{"count":63,"href":"https:\/\/hlh.com.br\/site2\/wp-json\/wp\/v2\/pages\/30\/revisions"}],"predecessor-version":[{"id":12458,"href":"https:\/\/hlh.com.br\/site2\/wp-json\/wp\/v2\/pages\/30\/revisions\/12458"}],"wp:attachment":[{"href":"https:\/\/hlh.com.br\/site2\/wp-json\/wp\/v2\/media?parent=30"}],"curies":[{"name":"wp","href":"https:\/\/api.w.org\/{rel}","templated":true}]}}